{"id":113,"date":"2021-04-22T19:56:24","date_gmt":"2021-04-22T17:56:24","guid":{"rendered":"https:\/\/dashland.fr\/index.php\/home\/?page_id=113"},"modified":"2021-04-25T23:11:10","modified_gmt":"2021-04-25T21:11:10","slug":"bienvenue-sur-dashland","status":"publish","type":"page","link":"https:\/\/dashland.fr\/","title":{"rendered":"Bienvenue sur DashLand !"},"content":{"rendered":"\n<div class=\"wp-block-themeisle-blocks-advanced-columns has-3-columns has-desktop-equal-layout has-tablet-equal-layout has-mobile-collapsedRows-layout has-default-gap has-vertical-unset\" id=\"wp-block-themeisle-blocks-advanced-columns-bf29626c\"><div class=\"wp-block-themeisle-blocks-advanced-columns-overlay\"><\/div><div class=\"innerblocks-wrap\">\n<div class=\"wp-block-themeisle-blocks-advanced-column\" id=\"wp-block-themeisle-blocks-advanced-column-e2f75b4a\">\n<figure class=\"wp-block-image size-large\"><img loading=\"lazy\" width=\"160\" height=\"160\" src=\"https:\/\/dashland.fr\/wp-content\/uploads\/2021\/04\/Stone_Axe.png\" alt=\"\" class=\"wp-image-75\" srcset=\"https:\/\/dashland.fr\/wp-content\/uploads\/2021\/04\/Stone_Axe.png 160w, https:\/\/dashland.fr\/wp-content\/uploads\/2021\/04\/Stone_Axe-150x150.png 150w\" sizes=\"(max-width: 160px) 100vw, 160px\" \/><\/figure>\n<\/div>\n\n\n\n<div class=\"wp-block-themeisle-blocks-advanced-column\" id=\"wp-block-themeisle-blocks-advanced-column-2f16a3bd\">\n<figure class=\"wp-block-image size-large\"><img loading=\"lazy\" width=\"160\" height=\"160\" src=\"https:\/\/dashland.fr\/wp-content\/uploads\/2021\/04\/Diamond_Sword.png\" alt=\"\" class=\"wp-image-76\" srcset=\"https:\/\/dashland.fr\/wp-content\/uploads\/2021\/04\/Diamond_Sword.png 160w, https:\/\/dashland.fr\/wp-content\/uploads\/2021\/04\/Diamond_Sword-150x150.png 150w\" sizes=\"(max-width: 160px) 100vw, 160px\" \/><\/figure>\n<\/div>\n\n\n\n<div class=\"wp-block-themeisle-blocks-advanced-column\" id=\"wp-block-themeisle-blocks-advanced-column-020227c8\">\n<figure class=\"wp-block-image size-large\"><img loading=\"lazy\" width=\"160\" height=\"160\" src=\"https:\/\/dashland.fr\/wp-content\/uploads\/2021\/04\/Firework_Rocket.png\" alt=\"\" class=\"wp-image-77\" srcset=\"https:\/\/dashland.fr\/wp-content\/uploads\/2021\/04\/Firework_Rocket.png 160w, https:\/\/dashland.fr\/wp-content\/uploads\/2021\/04\/Firework_Rocket-150x150.png 150w\" sizes=\"(max-width: 160px) 100vw, 160px\" \/><\/figure>\n<\/div>\n<\/div><\/div>\n\n\n\n<div class=\"wp-block-columns\">\n<div class=\"wp-block-column\">\n<p class=\"has-text-align-center\"><span style=\"color:#64a300\" class=\"has-inline-color\">SEMI-RP<\/span><br>Envie de jouer p\u00e9pouze ?<br>Seul ou avec des amis, d\u00e9marrez une aventure au sein de Dashville et d\u00e9couvrez les diff\u00e9rentes possibilit\u00e9s de gameplay qui s&rsquo;offrent \u00e0 vous.<\/p>\n<\/div>\n\n\n\n<div class=\"wp-block-column\">\n<p class=\"has-text-align-center\"><span style=\"color:#0173a4\" class=\"has-inline-color\">PVP<\/span><br>Envie de tout casser ?<br>Venez vous mesurer aux meilleurs dans les diff\u00e9rentes ar\u00e8nes mises \u00e0 votre disposition. Vous aurez acc\u00e8s \u00e0 des kits pr\u00e9d\u00e9finis.<br>N&rsquo;attendez plus et devenez le roi du classement !<\/p>\n<\/div>\n\n\n\n<div class=\"wp-block-column\">\n<p class=\"has-text-align-center\"><span style=\"color:#a33a00\" class=\"has-inline-color\">EVENEMENTS<\/span><br>Envie de bon gros fun l\u00e0 ?<br>Profitez des classiques des mini-jeux sur une carte d\u00e9di\u00e9e et d\u00e9fiez vos amis.<br><\/p>\n<\/div>\n<\/div>\n\n\n\n<div class=\"wp-block-columns\">\n<div class=\"wp-block-column\">\n<p class=\"has-text-align-center\">En savoir plus<\/p>\n<\/div>\n\n\n\n<div class=\"wp-block-column\">\n<p class=\"has-text-align-center\">En savoir plus<\/p>\n<\/div>\n\n\n\n<div class=\"wp-block-column\">\n<p class=\"has-text-align-center\">En savoir plus<\/p>\n<\/div>\n<\/div>\n","protected":false},"excerpt":{"rendered":"<p>SEMI-RPEnvie de jouer p\u00e9pouze ?Seul ou avec des amis, d\u00e9marrez une aventure au sein de Dashville et d\u00e9couvrez les diff\u00e9rentes possibilit\u00e9s de gameplay qui s&rsquo;offrent \u00e0 vous. PVPEnvie de tout casser ?Venez vous mesurer aux meilleurs dans les diff\u00e9rentes ar\u00e8nes mises \u00e0 votre disposition. Vous aurez acc\u00e8s \u00e0 des kits pr\u00e9d\u00e9finis.N&rsquo;attendez plus et devenez le&#8230;<\/p>\n","protected":false},"author":1,"featured_media":0,"parent":0,"menu_order":0,"comment_status":"closed","ping_status":"closed","template":"","meta":[],"_links":{"self":[{"href":"https:\/\/dashland.fr\/index.php?rest_route=\/wp\/v2\/pages\/113"}],"collection":[{"href":"https:\/\/dashland.fr\/index.php?rest_route=\/wp\/v2\/pages"}],"about":[{"href":"https:\/\/dashland.fr\/index.php?rest_route=\/wp\/v2\/types\/page"}],"author":[{"embeddable":true,"href":"https:\/\/dashland.fr\/index.php?rest_route=\/wp\/v2\/users\/1"}],"replies":[{"embeddable":true,"href":"https:\/\/dashland.fr\/index.php?rest_route=%2Fwp%2Fv2%2Fcomments&post=113"}],"version-history":[{"count":5,"href":"https:\/\/dashland.fr\/index.php?rest_route=\/wp\/v2\/pages\/113\/revisions"}],"predecessor-version":[{"id":131,"href":"https:\/\/dashland.fr\/index.php?rest_route=\/wp\/v2\/pages\/113\/revisions\/131"}],"wp:attachment":[{"href":"https:\/\/dashland.fr\/index.php?rest_route=%2Fwp%2Fv2%2Fmedia&parent=113"}],"curies":[{"name":"wp","href":"https:\/\/api.w.org\/{rel}","templated":true}]}}